{"id":429,"date":"2019-01-29T15:15:38","date_gmt":"2019-01-29T15:15:38","guid":{"rendered":"https:\/\/raumfunktion.ch\/wordpress\/?page_id=429"},"modified":"2024-08-08T11:07:56","modified_gmt":"2024-08-08T11:07:56","slug":"home","status":"publish","type":"page","link":"https:\/\/raumfunktion.ch\/","title":{"rendered":"Home"},"content":{"rendered":"<div class=\"wpb-content-wrapper\"><p>[vc_row type=&#187;boxed&#187;][vc_column width=&#187;8\/12&#8243;][vc_empty_space height=&#187;50px&#187;][vc_single_image image=&#187;586&#8243; img_size=&#187;full&#187; alignment=&#187;center&#187; onclick=&#187;custom_link&#187;][vc_empty_space height=&#187;50px&#187;][\/vc_column][vc_column width=&#187;4\/12&#8243;][vc_empty_space height=&#187;50px&#187;][vc_empty_space height=&#187;50px&#187;][vc_column_text]<\/p>\n<h5 style=\"text-align: center;\">Aktuelle Mietobjekte<\/h5>\n<p>[\/vc_column_text][vc_icon icon_fontawesome=&#187;fa fa-certificate&#187; color=&#187;black&#187; align=&#187;center&#187; link=&#187;url:https%3A%2F%2Fraumfunktion.ch%2Findex.php%2Faktuelle-mietobjekte%2F|||&#187;][\/vc_column][\/vc_row][vc_row type=&#187;boxed&#187;][vc_column][vc_empty_space height=&#187;50px&#187;][\/vc_column][\/vc_row][vc_row type=&#187;boxed&#187;][vc_column][vc_column_text]<\/p>\n<h3>Hier l\u00e4sst es sich arbeiten<\/h3>\n<p>An der Kreuzmatt 2 in Wauwil steht ein modernes Gewerbegeb\u00e4ude mit top Infrastruktur.<\/p>\n<p>Wauwil ist dank dem nahen Bahnhof und den beiden Autobahn-Anschl\u00fcssen Sursee und Dagmarsellen hervorragend erschlossen.[\/vc_column_text][\/vc_column][\/vc_row]<\/p>\n<\/div>","protected":false},"excerpt":{"rendered":"<p>[vc_row type=&#187;boxed&#187;][vc_column width=&#187;8\/12&#8243;][vc_empty_space height=&#187;50px&#187;][vc_single_image image=&#187;586&#8243; img_size=&#187;full&#187; alignment=&#187;center&#187; onclick=&#187;custom_link&#187;][vc_empty_space height=&#187;50px&#187;][\/vc_column][vc_column width=&#187;4\/12&#8243;][vc_empty_space height=&#187;50px&#187;][vc_empty_space height=&#187;50px&#187;][vc_column_text] Aktuelle Mietobjekte [\/vc_column_text][vc_icon icon_fontawesome=&#187;fa fa-certificate&#187; color=&#187;black&#187; align=&#187;center&#187; link=&#187;url:https%3A%2F%2Fraumfunktion.ch%2Findex.php%2Faktuelle-mietobjekte%2F|||&#187;][\/vc_column][\/vc_row][vc_row type=&#187;boxed&#187;][vc_column][vc_empty_space height=&#187;50px&#187;][\/vc_column][\/vc_row][vc_row type=&#187;boxed&#187;][vc_column][vc_column_text] Hier l\u00e4sst es sich arbeiten An der Kreuzmatt 2 in Wauwil steht ein modernes Gewerbegeb\u00e4ude mit top Infrastruktur. Wauwil ist dank dem nahen Bahnhof und den beiden Autobahn-Anschl\u00fcssen Sursee und Dagmarsellen hervorragend [&hellip;]<\/p>\n","protected":false},"author":2,"featured_media":0,"parent":0,"menu_order":1,"comment_status":"closed","ping_status":"closed","template":"","meta":{"footnotes":""},"class_list":["post-429","page","type-page","status-publish","hentry"],"_links":{"self":[{"href":"https:\/\/raumfunktion.ch\/index.php\/wp-json\/wp\/v2\/pages\/429","targetHints":{"allow":["GET"]}}],"collection":[{"href":"https:\/\/raumfunktion.ch\/index.php\/wp-json\/wp\/v2\/pages"}],"about":[{"href":"https:\/\/raumfunktion.ch\/index.php\/wp-json\/wp\/v2\/types\/page"}],"author":[{"embeddable":true,"href":"https:\/\/raumfunktion.ch\/index.php\/wp-json\/wp\/v2\/users\/2"}],"replies":[{"embeddable":true,"href":"https:\/\/raumfunktion.ch\/index.php\/wp-json\/wp\/v2\/comments?post=429"}],"version-history":[{"count":23,"href":"https:\/\/raumfunktion.ch\/index.php\/wp-json\/wp\/v2\/pages\/429\/revisions"}],"predecessor-version":[{"id":587,"href":"https:\/\/raumfunktion.ch\/index.php\/wp-json\/wp\/v2\/pages\/429\/revisions\/587"}],"wp:attachment":[{"href":"https:\/\/raumfunktion.ch\/index.php\/wp-json\/wp\/v2\/media?parent=429"}],"curies":[{"name":"wp","href":"https:\/\/api.w.org\/{rel}","templated":true}]}}